{"id":191,"date":"2025-04-23T18:47:03","date_gmt":"2025-04-23T16:47:03","guid":{"rendered":"https:\/\/somumsessions.fr\/?page_id=191"},"modified":"2026-01-17T10:19:59","modified_gmt":"2026-01-17T09:19:59","slug":"mentions-legales-coaching","status":"publish","type":"page","link":"https:\/\/somumsessions.fr\/?page_id=191","title":{"rendered":"Mentions l\u00e9gales"},"content":{"rendered":"\n<p>Conform\u00e9ment aux dispositions des articles 6-III et 19 de la loi n\u00b078-17 du 6 janvier 1978 pour la confiance dans l&rsquo;\u00e9conomie num\u00e9rique (LCEN), il est port\u00e9 \u00e0 la connaissance des utilisateurs et visiteurs du site&nbsp;<a>www.somumsessions.fr<\/a> les informations suivantes :<\/p>\n\n\n\n<h3 class=\"wp-block-heading\">\ud83d\udcc4 \u00c9diteur du site<\/h3>\n\n\n\n<p>Le site\u00a0<a>www.somumsessions.fr<\/a>\u00a0est \u00e9dit\u00e9 par :<br><strong>Audrey Ursulet<\/strong><br>Association loi 1901 immatricul\u00e9e sous le nom :\u00a0<strong>Somum Sessions <\/strong><br>Si\u00e8ge social :\u00a0<strong>Lyon<\/strong><br>Email :\u00a0<a><strong>somumsessions@gmail.com<\/strong><\/a><\/p>\n\n\n\n<p>Responsable de publication :&nbsp;<strong>Audrey Ursulet<\/strong><\/p>\n\n\n\n<h3 class=\"wp-block-heading\">\ud83d\udce1 H\u00e9bergeur du site<\/h3>\n\n\n\n<p>Le site est h\u00e9berg\u00e9 par :<br><strong>OVH SAS<\/strong><br>2 rue Kellermann \u2013 59100 Roubaix \u2013 France<br>Site web :&nbsp;<a href=\"https:\/\/www.ovh.com\/\">www.ovh.com<\/a><\/p>\n\n\n\n<h3 class=\"wp-block-heading\">\u00a9 Propri\u00e9t\u00e9 intellectuelle<\/h3>\n\n\n\n<p>Tous les contenus pr\u00e9sents sur ce site (textes, images, graphismes, logos, etc.) sont la propri\u00e9t\u00e9 exclusive de Somum Sessions, sauf mention contraire. Toute reproduction, distribution ou utilisation sans autorisation pr\u00e9alable est interdite.<\/p>\n\n\n\n<h3 class=\"wp-block-heading\">\ud83d\udcca Donn\u00e9es personnelles &amp; cookies<\/h3>\n\n\n\n<p>Le site&nbsp;<a>www.somumsessions.fr<\/a>&nbsp;peut utiliser des cookies pour am\u00e9liorer l&rsquo;exp\u00e9rience utilisateur et r\u00e9aliser des mesures d&rsquo;audience. En poursuivant ta navigation, tu acceptes l&rsquo;utilisation de ces cookies.<\/p>\n\n\n\n<p>Les donn\u00e9es personnelles collect\u00e9es via les formulaires sont uniquement destin\u00e9es \u00e0 des fins de contact ou d&rsquo;information. Elles ne sont ni revendues ni partag\u00e9es.<\/p>\n\n\n\n<p class=\"has-text-align-center\">Derni\u00e8re mise \u00e0 jour : Janvier 2026<\/p>\n","protected":false},"excerpt":{"rendered":"<p>Conform\u00e9ment aux dispositions des articles 6-III et 19 de la loi n\u00b078-17 du 6 janvier 1978 pour la confiance dans [&hellip;]<\/p>\n","protected":false},"author":1,"featured_media":0,"parent":0,"menu_order":0,"comment_status":"closed","ping_status":"closed","template":"","meta":{"site-sidebar-layout":"default","site-content-layout":"","ast-site-content-layout":"default","site-content-style":"default","site-sidebar-style":"default","ast-global-header-display":"","ast-banner-title-visibility":"","ast-main-header-display":"","ast-hfb-above-header-display":"","ast-hfb-below-header-display":"","ast-hfb-mobile-header-display":"","site-post-title":"","ast-breadcrumbs-content":"","ast-featured-img":"","footer-sml-layout":"","ast-disable-related-posts":"","theme-transparent-header-meta":"","adv-header-id-meta":"","stick-header-meta":"","header-above-stick-meta":"","header-main-stick-meta":"","header-below-stick-meta":"","astra-migrate-meta-layouts":"default","ast-page-background-enabled":"default","ast-page-background-meta":{"desktop":{"background-color":"var(--ast-global-color-5)","background-image":"","background-repeat":"repeat","background-position":"center center","background-size":"auto","background-attachment":"scroll","background-type":"","background-media":"","overlay-type":"","overlay-color":"","overlay-opacity":"","overlay-gradient":""},"tablet":{"background-color":"","background-image":"","background-repeat":"repeat","background-position":"center center","background-size":"auto","background-attachment":"scroll","background-type":"","background-media":"","overlay-type":"","overlay-color":"","overlay-opacity":"","overlay-gradient":""},"mobile":{"background-color":"","background-image":"","background-repeat":"repeat","background-position":"center center","background-size":"auto","background-attachment":"scroll","background-type":"","background-media":"","overlay-type":"","overlay-color":"","overlay-opacity":"","overlay-gradient":""}},"ast-content-background-meta":{"desktop":{"background-color":"var(--ast-global-color-4)","background-image":"","background-repeat":"repeat","background-position":"center center","background-size":"auto","background-attachment":"scroll","background-type":"","background-media":"","overlay-type":"","overlay-color":"","overlay-opacity":"","overlay-gradient":""},"tablet":{"background-color":"var(--ast-global-color-4)","background-image":"","background-repeat":"repeat","background-position":"center center","background-size":"auto","background-attachment":"scroll","background-type":"","background-media":"","overlay-type":"","overlay-color":"","overlay-opacity":"","overlay-gradient":""},"mobile":{"background-color":"var(--ast-global-color-4)","background-image":"","background-repeat":"repeat","background-position":"center center","background-size":"auto","background-attachment":"scroll","background-type":"","background-media":"","overlay-type":"","overlay-color":"","overlay-opacity":"","overlay-gradient":""}},"footnotes":""},"class_list":["post-191","page","type-page","status-publish","hentry"],"yoast_head":"<!-- This site is optimized with the Yoast SEO plugin v27.5 - https:\/\/yoast.com\/product\/yoast-seo-wordpress\/ -->\n<title>Mentions l\u00e9gales \u2013 Somum Sessions - www.somumsessions.fr<\/title>\n<meta name=\"description\" content=\"Consulte les mentions l\u00e9gales du site Somum Sessions www.somumsessions.fr, structure de coaching d\u00e9di\u00e9e aux mamans solos.\" \/>\n<meta name=\"robots\" content=\"index, follow, max-snippet:-1, max-image-preview:large, max-video-preview:-1\" \/>\n<link rel=\"canonical\" href=\"https:\/\/somumsessions.fr\/?page_id=191\" \/>\n<meta property=\"og:locale\" content=\"fr_FR\" \/>\n<meta property=\"og:type\" content=\"article\" \/>\n<meta property=\"og:title\" content=\"Mentions l\u00e9gales \u2013 Somum Sessions - www.somumsessions.fr\" \/>\n<meta property=\"og:description\" content=\"Consulte les mentions l\u00e9gales du site Somum Sessions www.somumsessions.fr, structure de coaching d\u00e9di\u00e9e aux mamans solos.\" \/>\n<meta property=\"og:url\" content=\"https:\/\/somumsessions.fr\/?page_id=191\" \/>\n<meta property=\"article:modified_time\" content=\"2026-01-17T09:19:59+00:00\" \/>\n<meta property=\"og:image\" content=\"https:\/\/somumsessions.fr\/wp-content\/uploads\/2025\/04\/Sans-titre-1045-x-250-px-2.png\" \/>\n\t<meta property=\"og:image:width\" content=\"1045\" \/>\n\t<meta property=\"og:image:height\" content=\"250\" \/>\n\t<meta property=\"og:image:type\" content=\"image\/png\" \/>\n<meta name=\"twitter:card\" content=\"summary_large_image\" \/>\n<meta name=\"twitter:label1\" content=\"Dur\u00e9e de lecture estim\u00e9e\" \/>\n\t<meta name=\"twitter:data1\" content=\"1 minute\" \/>\n<script type=\"application\/ld+json\" class=\"yoast-schema-graph\">{\"@context\":\"https:\\\/\\\/schema.org\",\"@graph\":[{\"@type\":\"WebPage\",\"@id\":\"https:\\\/\\\/somumsessions.fr\\\/?page_id=191\",\"url\":\"https:\\\/\\\/somumsessions.fr\\\/?page_id=191\",\"name\":\"Mentions l\u00e9gales \u2013 Somum Sessions - www.somumsessions.fr\",\"isPartOf\":{\"@id\":\"https:\\\/\\\/somumsessions.fr\\\/#website\"},\"datePublished\":\"2025-04-23T16:47:03+00:00\",\"dateModified\":\"2026-01-17T09:19:59+00:00\",\"description\":\"Consulte les mentions l\u00e9gales du site Somum Sessions www.somumsessions.fr, structure de coaching d\u00e9di\u00e9e aux mamans solos.\",\"breadcrumb\":{\"@id\":\"https:\\\/\\\/somumsessions.fr\\\/?page_id=191#breadcrumb\"},\"inLanguage\":\"fr-FR\",\"potentialAction\":[{\"@type\":\"ReadAction\",\"target\":[\"https:\\\/\\\/somumsessions.fr\\\/?page_id=191\"]}]},{\"@type\":\"BreadcrumbList\",\"@id\":\"https:\\\/\\\/somumsessions.fr\\\/?page_id=191#breadcrumb\",\"itemListElement\":[{\"@type\":\"ListItem\",\"position\":1,\"name\":\"Accueil\",\"item\":\"https:\\\/\\\/somumsessions.fr\\\/\"},{\"@type\":\"ListItem\",\"position\":2,\"name\":\"Mentions l\u00e9gales\"}]},{\"@type\":\"WebSite\",\"@id\":\"https:\\\/\\\/somumsessions.fr\\\/#website\",\"url\":\"https:\\\/\\\/somumsessions.fr\\\/\",\"name\":\"Somum Sessions\",\"description\":\"L&#039;\u00e9quilibre des mamans solos, un coaching \u00e0 votre mesure.\",\"publisher\":{\"@id\":\"https:\\\/\\\/somumsessions.fr\\\/#organization\"},\"potentialAction\":[{\"@type\":\"SearchAction\",\"target\":{\"@type\":\"EntryPoint\",\"urlTemplate\":\"https:\\\/\\\/somumsessions.fr\\\/?s={search_term_string}\"},\"query-input\":{\"@type\":\"PropertyValueSpecification\",\"valueRequired\":true,\"valueName\":\"search_term_string\"}}],\"inLanguage\":\"fr-FR\"},{\"@type\":\"Organization\",\"@id\":\"https:\\\/\\\/somumsessions.fr\\\/#organization\",\"name\":\"Somum Sessions\",\"url\":\"https:\\\/\\\/somumsessions.fr\\\/\",\"logo\":{\"@type\":\"ImageObject\",\"inLanguage\":\"fr-FR\",\"@id\":\"https:\\\/\\\/somumsessions.fr\\\/#\\\/schema\\\/logo\\\/image\\\/\",\"url\":\"https:\\\/\\\/somumsessions.fr\\\/wp-content\\\/uploads\\\/2025\\\/04\\\/Logo-SoMum-Sessions-6.png\",\"contentUrl\":\"https:\\\/\\\/somumsessions.fr\\\/wp-content\\\/uploads\\\/2025\\\/04\\\/Logo-SoMum-Sessions-6.png\",\"width\":500,\"height\":500,\"caption\":\"Somum Sessions\"},\"image\":{\"@id\":\"https:\\\/\\\/somumsessions.fr\\\/#\\\/schema\\\/logo\\\/image\\\/\"}}]}<\/script>\n<!-- \/ Yoast SEO plugin. -->","yoast_head_json":{"title":"Mentions l\u00e9gales \u2013 Somum Sessions - www.somumsessions.fr","description":"Consulte les mentions l\u00e9gales du site Somum Sessions www.somumsessions.fr, structure de coaching d\u00e9di\u00e9e aux mamans solos.","robots":{"index":"index","follow":"follow","max-snippet":"max-snippet:-1","max-image-preview":"max-image-preview:large","max-video-preview":"max-video-preview:-1"},"canonical":"https:\/\/somumsessions.fr\/?page_id=191","og_locale":"fr_FR","og_type":"article","og_title":"Mentions l\u00e9gales \u2013 Somum Sessions - www.somumsessions.fr","og_description":"Consulte les mentions l\u00e9gales du site Somum Sessions www.somumsessions.fr, structure de coaching d\u00e9di\u00e9e aux mamans solos.","og_url":"https:\/\/somumsessions.fr\/?page_id=191","article_modified_time":"2026-01-17T09:19:59+00:00","og_image":[{"width":1045,"height":250,"url":"https:\/\/somumsessions.fr\/wp-content\/uploads\/2025\/04\/Sans-titre-1045-x-250-px-2.png","type":"image\/png"}],"twitter_card":"summary_large_image","twitter_misc":{"Dur\u00e9e de lecture estim\u00e9e":"1 minute"},"schema":{"@context":"https:\/\/schema.org","@graph":[{"@type":"WebPage","@id":"https:\/\/somumsessions.fr\/?page_id=191","url":"https:\/\/somumsessions.fr\/?page_id=191","name":"Mentions l\u00e9gales \u2013 Somum Sessions - www.somumsessions.fr","isPartOf":{"@id":"https:\/\/somumsessions.fr\/#website"},"datePublished":"2025-04-23T16:47:03+00:00","dateModified":"2026-01-17T09:19:59+00:00","description":"Consulte les mentions l\u00e9gales du site Somum Sessions www.somumsessions.fr, structure de coaching d\u00e9di\u00e9e aux mamans solos.","breadcrumb":{"@id":"https:\/\/somumsessions.fr\/?page_id=191#breadcrumb"},"inLanguage":"fr-FR","potentialAction":[{"@type":"ReadAction","target":["https:\/\/somumsessions.fr\/?page_id=191"]}]},{"@type":"BreadcrumbList","@id":"https:\/\/somumsessions.fr\/?page_id=191#breadcrumb","itemListElement":[{"@type":"ListItem","position":1,"name":"Accueil","item":"https:\/\/somumsessions.fr\/"},{"@type":"ListItem","position":2,"name":"Mentions l\u00e9gales"}]},{"@type":"WebSite","@id":"https:\/\/somumsessions.fr\/#website","url":"https:\/\/somumsessions.fr\/","name":"Somum Sessions","description":"L&#039;\u00e9quilibre des mamans solos, un coaching \u00e0 votre mesure.","publisher":{"@id":"https:\/\/somumsessions.fr\/#organization"},"potentialAction":[{"@type":"SearchAction","target":{"@type":"EntryPoint","urlTemplate":"https:\/\/somumsessions.fr\/?s={search_term_string}"},"query-input":{"@type":"PropertyValueSpecification","valueRequired":true,"valueName":"search_term_string"}}],"inLanguage":"fr-FR"},{"@type":"Organization","@id":"https:\/\/somumsessions.fr\/#organization","name":"Somum Sessions","url":"https:\/\/somumsessions.fr\/","logo":{"@type":"ImageObject","inLanguage":"fr-FR","@id":"https:\/\/somumsessions.fr\/#\/schema\/logo\/image\/","url":"https:\/\/somumsessions.fr\/wp-content\/uploads\/2025\/04\/Logo-SoMum-Sessions-6.png","contentUrl":"https:\/\/somumsessions.fr\/wp-content\/uploads\/2025\/04\/Logo-SoMum-Sessions-6.png","width":500,"height":500,"caption":"Somum Sessions"},"image":{"@id":"https:\/\/somumsessions.fr\/#\/schema\/logo\/image\/"}}]}},"_links":{"self":[{"href":"https:\/\/somumsessions.fr\/index.php?rest_route=\/wp\/v2\/pages\/191","targetHints":{"allow":["GET"]}}],"collection":[{"href":"https:\/\/somumsessions.fr\/index.php?rest_route=\/wp\/v2\/pages"}],"about":[{"href":"https:\/\/somumsessions.fr\/index.php?rest_route=\/wp\/v2\/types\/page"}],"author":[{"embeddable":true,"href":"https:\/\/somumsessions.fr\/index.php?rest_route=\/wp\/v2\/users\/1"}],"replies":[{"embeddable":true,"href":"https:\/\/somumsessions.fr\/index.php?rest_route=%2Fwp%2Fv2%2Fcomments&post=191"}],"version-history":[{"count":10,"href":"https:\/\/somumsessions.fr\/index.php?rest_route=\/wp\/v2\/pages\/191\/revisions"}],"predecessor-version":[{"id":403,"href":"https:\/\/somumsessions.fr\/index.php?rest_route=\/wp\/v2\/pages\/191\/revisions\/403"}],"wp:attachment":[{"href":"https:\/\/somumsessions.fr\/index.php?rest_route=%2Fwp%2Fv2%2Fmedia&parent=191"}],"curies":[{"name":"wp","href":"https:\/\/api.w.org\/{rel}","templated":true}]}}