{"id":28,"date":"2025-04-09T16:01:11","date_gmt":"2025-04-09T14:01:11","guid":{"rendered":"https:\/\/somumsessions.fr\/?page_id=28"},"modified":"2026-01-18T15:16:04","modified_gmt":"2026-01-18T14:16:04","slug":"insertion-monoparentalite","status":"publish","type":"page","link":"https:\/\/somumsessions.fr\/","title":{"rendered":"L&rsquo;association"},"content":{"rendered":"\n<p>Nous sommes une association lyonnaise d\u00e9di\u00e9e \u00e0 r\u00e9v\u00e9ler <strong>le potentiel professionnel des m\u00e8res isol\u00e9es en leur offrant des espaces de ressources, d\u2019accompagnement et de reconnexion \u00e0 soi<\/strong>. Notre mission ? <strong>Redonner un \u00e9lan, la confiance et les outils<\/strong>, \u00e0 ces h\u00e9ro\u00efnes du quotidien, afin de construire un avenir \u00e0 la hauteur de leur valeur. \u00catre maman solo, c\u2019est une course contre la montre, un marathon du quotidien o\u00f9 l\u2019on s\u2019oublie souvent.<\/p>\n\n\n\n<h2 class=\"wp-block-heading has-text-align-left\"><strong>Maman solo, cet espace est pour toi !<\/strong><\/h2>\n\n\n\n<p>Tu jongles chaque jour entre responsabilit\u00e9s parentales, d\u00e9fis personnels et enjeux professionnels. Tu dois tout assurer et souvent, la fatigue, les doutes et la charge mentale prennent le dessus.<\/p>\n\n\n\n<p>En effet, chez Somum Sessions, nous croyons qu\u2019\u00eatre m\u00e8re isol\u00e9e ne doit jamais rimer avec <strong>isolement<\/strong> ou <strong>renoncement<\/strong>. Ainsi,<strong> tu n&rsquo;es plus seule et au bon endroit !<\/strong><\/p>\n\n\n\n<p class=\"has-text-align-center\"><strong>Somum Sessions c&rsquo;est l&rsquo;association qui vise \u00e0 offrir aux m\u00e8res isol\u00e9es, les cl\u00e9s de leur r\u00e9ussite professionnelle.<\/strong><\/p>\n\n\n\n<p><\/p>\n\n\n\n<h2 class=\"wp-block-heading\"><strong>Au d\u00e9part, des chiffres qui parlent d&rsquo;eux m\u00eame :<\/strong><\/h2>\n\n\n\n<div class=\"wp-block-columns is-layout-flex wp-container-core-columns-is-layout-28f84493 wp-block-columns-is-layout-flex\">\n<div class=\"wp-block-column is-layout-flow wp-block-column-is-layout-flow\">\n<figure class=\"wp-block-image size-full\"><img loading=\"lazy\" decoding=\"async\" width=\"500\" height=\"500\" src=\"https:\/\/somumsessions.fr\/wp-content\/uploads\/2025\/04\/En-France-2-millions-de-familles-sont-monoparentales-soit-1-famille-sur-4.-3-1.png\" alt=\"\" class=\"wp-image-126\" srcset=\"https:\/\/somumsessions.fr\/wp-content\/uploads\/2025\/04\/En-France-2-millions-de-familles-sont-monoparentales-soit-1-famille-sur-4.-3-1.png 500w, https:\/\/somumsessions.fr\/wp-content\/uploads\/2025\/04\/En-France-2-millions-de-familles-sont-monoparentales-soit-1-famille-sur-4.-3-1-300x300.png 300w, https:\/\/somumsessions.fr\/wp-content\/uploads\/2025\/04\/En-France-2-millions-de-familles-sont-monoparentales-soit-1-famille-sur-4.-3-1-150x150.png 150w\" sizes=\"auto, (max-width: 500px) 100vw, 500px\" \/><\/figure>\n<\/div>\n\n\n\n<div class=\"wp-block-column is-layout-flow wp-block-column-is-layout-flow\">\n<p><\/p>\n\n\n\n<figure class=\"wp-block-image size-full\"><img loading=\"lazy\" decoding=\"async\" width=\"500\" height=\"500\" src=\"http:\/\/somumsessions.fr\/wp-content\/uploads\/2025\/05\/En-France-2-millions-de-familles-sont-monoparentales-soit-1-famille-sur-4.-2.png\" alt=\"\" class=\"wp-image-220\" srcset=\"https:\/\/somumsessions.fr\/wp-content\/uploads\/2025\/05\/En-France-2-millions-de-familles-sont-monoparentales-soit-1-famille-sur-4.-2.png 500w, https:\/\/somumsessions.fr\/wp-content\/uploads\/2025\/05\/En-France-2-millions-de-familles-sont-monoparentales-soit-1-famille-sur-4.-2-300x300.png 300w, https:\/\/somumsessions.fr\/wp-content\/uploads\/2025\/05\/En-France-2-millions-de-familles-sont-monoparentales-soit-1-famille-sur-4.-2-150x150.png 150w\" sizes=\"auto, (max-width: 500px) 100vw, 500px\" \/><\/figure>\n<\/div>\n\n\n\n<div class=\"wp-block-column is-layout-flow wp-block-column-is-layout-flow\">\n<figure class=\"wp-block-image size-full\"><img loading=\"lazy\" decoding=\"async\" width=\"500\" height=\"500\" src=\"http:\/\/somumsessions.fr\/wp-content\/uploads\/2025\/05\/En-France-2-millions-de-familles-sont-monoparentales-soit-1-famille-sur-4.png\" alt=\"\" class=\"wp-image-218\" srcset=\"https:\/\/somumsessions.fr\/wp-content\/uploads\/2025\/05\/En-France-2-millions-de-familles-sont-monoparentales-soit-1-famille-sur-4.png 500w, https:\/\/somumsessions.fr\/wp-content\/uploads\/2025\/05\/En-France-2-millions-de-familles-sont-monoparentales-soit-1-famille-sur-4-300x300.png 300w, https:\/\/somumsessions.fr\/wp-content\/uploads\/2025\/05\/En-France-2-millions-de-familles-sont-monoparentales-soit-1-famille-sur-4-150x150.png 150w\" sizes=\"auto, (max-width: 500px) 100vw, 500px\" \/><\/figure>\n<\/div>\n<\/div>\n\n\n\n<h2 class=\"wp-block-heading\"><strong>Notre histoire<\/strong><\/h2>\n\n\n\n<p>Somum Sessions est n\u00e9e d\u2019un parcours personnel marqu\u00e9 par <strong>la maternit\u00e9 solo, combin\u00e9 \u00e0 une volont\u00e9 profonde d\u2019agir<\/strong>. Initialement lanc\u00e9e comme micro-entreprise de coaching, Somum Sessions se transforme, en ao\u00fbt 2025, en <strong>une association engag\u00e9e pour l&rsquo;insertion professionnelle des m\u00e8res isol\u00e9es<\/strong>, la reprise de confiance et la valorisation des talents cach\u00e9s\/oubli\u00e9s.<\/p>\n\n\n\n<p>Nous \u0153uvrons \u00e0 offrir des espaces adapt\u00e9s aux r\u00e9alit\u00e9s des familles monoparentales, de la M\u00e9tropole de Lyon.<\/p>\n\n\n\n<h2 class=\"wp-block-heading\"><strong>Pourquoi Somum Sessions ?<\/strong><\/h2>\n\n\n\n<p>Parce que chaque&nbsp;<strong>session<\/strong> (ateliers, accompagnement, webinaires, \u00e9v\u00e8nements&#8230;) est un instant que tu t\u2019autorises, rien que pour toi, sans culpabilit\u00e9. Un instant d\u00e9di\u00e9, en dehors du tumulte quotidien, pour te recentrer, t\u2019\u00e9couter, avancer.<\/p>\n\n\n\n<p>Et&nbsp;<strong>Somum<\/strong>&nbsp;? C\u2019est un jeu de mots, \u00e0 ton image.<\/p>\n\n\n\n<p>\ud83d\udc49 D\u2019un c\u00f4t\u00e9, tu es&nbsp;<strong>So Mum<\/strong>&nbsp;: une maman incroyable, forte, multiple, belle dans ta complexit\u00e9.<br>\ud83d\udc49 De l\u2019autre, tu m\u00e9rites d\u2019atteindre ton&nbsp;<strong>summum<\/strong>&nbsp;: cette version de toi plus align\u00e9e, plus confiante, plus \u00e9panouie. Celle qui ne vit plus en mode survie, mais qui avance avec clart\u00e9 et fiert\u00e9.<\/p>\n\n\n\n<p><strong>Somum Sessions<\/strong>, <strong>c\u2019est une bulle, vers le meilleur de toi-m\u00eame, \u00e0 ton rythme, selon ta r\u00e9alit\u00e9<\/strong> et toujours avec bienveillance, pour souffler, r\u00e9fl\u00e9chir, te transformer et oser.<\/p>\n\n\n\n<p><strong>Envie d\u2019en savoir plus, de rejoindre l\u2019aventure ou de nous soutenir ?<\/strong>&nbsp;\u27a1\ufe0f <strong>somumsessions@gmail.fr<\/strong><br><\/p>\n\n\n\n<p><a data-type=\"page\" data-id=\"32\" href=\"https:\/\/somumsessions.fr\/?page_id=32\">L&rsquo;actualit\u00e9 Somum Sessions ?<\/a> <a data-type=\"page\" data-id=\"100\" href=\"https:\/\/somumsessions.fr\/?page_id=100\">L&rsquo;\u00e9quipe Somum Sessions ?<\/a><\/p>\n\n\n\n<p>\ud83d\udc49\u00a0<a href=\"http:\/\/ICI\" target=\"_blank\" rel=\"noreferrer noopener\">Adh\u00e9rer d\u00e8s maintenant sur : <\/a><a href=\"https:\/\/www.helloasso.com\/associations\/somum-sessions\/adhesions\/adhesion-2026-somum-sessions\" target=\"_blank\" rel=\"noreferrer noopener\">c&rsquo;est ici !<\/a><\/p>\n","protected":false},"excerpt":{"rendered":"<p>Nous sommes une association lyonnaise d\u00e9di\u00e9e \u00e0 r\u00e9v\u00e9ler le potentiel professionnel des m\u00e8res isol\u00e9es en leur offrant des espaces de [&hellip;]<\/p>\n","protected":false},"author":1,"featured_media":0,"parent":0,"menu_order":0,"comment_status":"closed","ping_status":"closed","template":"","meta":{"site-sidebar-layout":"default","site-content-layout":"","ast-site-content-layout":"default","site-content-style":"default","site-sidebar-style":"default","ast-global-header-display":"","ast-banner-title-visibility":"","ast-main-header-display":"","ast-hfb-above-header-display":"","ast-hfb-below-header-display":"","ast-hfb-mobile-header-display":"","site-post-title":"","ast-breadcrumbs-content":"","ast-featured-img":"","footer-sml-layout":"","ast-disable-related-posts":"","theme-transparent-header-meta":"","adv-header-id-meta":"","stick-header-meta":"","header-above-stick-meta":"","header-main-stick-meta":"","header-below-stick-meta":"","astra-migrate-meta-layouts":"default","ast-page-background-enabled":"default","ast-page-background-meta":{"desktop":{"background-color":"var(--ast-global-color-5)","background-image":"","background-repeat":"repeat","background-position":"center center","background-size":"auto","background-attachment":"scroll","background-type":"","background-media":"","overlay-type":"","overlay-color":"","overlay-opacity":"","overlay-gradient":""},"tablet":{"background-color":"","background-image":"","background-repeat":"repeat","background-position":"center center","background-size":"auto","background-attachment":"scroll","background-type":"","background-media":"","overlay-type":"","overlay-color":"","overlay-opacity":"","overlay-gradient":""},"mobile":{"background-color":"","background-image":"","background-repeat":"repeat","background-position":"center center","background-size":"auto","background-attachment":"scroll","background-type":"","background-media":"","overlay-type":"","overlay-color":"","overlay-opacity":"","overlay-gradient":""}},"ast-content-background-meta":{"desktop":{"background-color":"var(--ast-global-color-4)","background-image":"","background-repeat":"repeat","background-position":"center center","background-size":"auto","background-attachment":"scroll","background-type":"","background-media":"","overlay-type":"","overlay-color":"","overlay-opacity":"","overlay-gradient":""},"tablet":{"background-color":"var(--ast-global-color-4)","background-image":"","background-repeat":"repeat","background-position":"center center","background-size":"auto","background-attachment":"scroll","background-type":"","background-media":"","overlay-type":"","overlay-color":"","overlay-opacity":"","overlay-gradient":""},"mobile":{"background-color":"var(--ast-global-color-4)","background-image":"","background-repeat":"repeat","background-position":"center center","background-size":"auto","background-attachment":"scroll","background-type":"","background-media":"","overlay-type":"","overlay-color":"","overlay-opacity":"","overlay-gradient":""}},"footnotes":""},"class_list":["post-28","page","type-page","status-publish","hentry"],"yoast_head":"<!-- This site is optimized with the Yoast SEO plugin v27.5 - https:\/\/yoast.com\/product\/yoast-seo-wordpress\/ -->\n<title>Insertion professionnelle - M\u00e8res isol\u00e9es \u2013 Somum Sessions<\/title>\n<meta name=\"description\" content=\"Association d\u00e9di\u00e9e \u00e0 l&#039;insertion professionnelle des m\u00e8res isol\u00e9es : emploi, formation, reconversion, entrepreunariat et confiance en soi...\" \/>\n<meta name=\"robots\" content=\"index, follow, max-snippet:-1, max-image-preview:large, max-video-preview:-1\" \/>\n<link rel=\"canonical\" href=\"https:\/\/somumsessions.fr\/\" \/>\n<meta property=\"og:locale\" content=\"fr_FR\" \/>\n<meta property=\"og:type\" content=\"article\" \/>\n<meta property=\"og:title\" content=\"Insertion professionnelle - M\u00e8res isol\u00e9es \u2013 Somum Sessions\" \/>\n<meta property=\"og:description\" content=\"Association d\u00e9di\u00e9e \u00e0 l&#039;insertion professionnelle des m\u00e8res isol\u00e9es : emploi, formation, reconversion, entrepreunariat et confiance en soi...\" \/>\n<meta property=\"og:url\" content=\"https:\/\/somumsessions.fr\/\" \/>\n<meta property=\"article:modified_time\" content=\"2026-01-18T14:16:04+00:00\" \/>\n<meta property=\"og:image\" content=\"http:\/\/somumsessions.fr\/wp-content\/uploads\/2025\/04\/cropped-Logo-SoMum-Sessions-9-1.png\" \/>\n\t<meta property=\"og:image:width\" content=\"512\" \/>\n\t<meta property=\"og:image:height\" content=\"512\" \/>\n\t<meta property=\"og:image:type\" content=\"image\/png\" \/>\n<meta name=\"twitter:card\" content=\"summary_large_image\" \/>\n<meta name=\"twitter:image\" content=\"https:\/\/somumsessions.fr\/wp-content\/uploads\/2025\/04\/cropped-Logo-SoMum-Sessions-9-1.png\" \/>\n<meta name=\"twitter:label1\" content=\"Dur\u00e9e de lecture estim\u00e9e\" \/>\n\t<meta name=\"twitter:data1\" content=\"3 minutes\" \/>\n<script type=\"application\/ld+json\" class=\"yoast-schema-graph\">{\"@context\":\"https:\\\/\\\/schema.org\",\"@graph\":[{\"@type\":\"WebPage\",\"@id\":\"https:\\\/\\\/somumsessions.fr\\\/\",\"url\":\"https:\\\/\\\/somumsessions.fr\\\/\",\"name\":\"Insertion professionnelle - M\u00e8res isol\u00e9es \u2013 Somum Sessions\",\"isPartOf\":{\"@id\":\"https:\\\/\\\/somumsessions.fr\\\/#website\"},\"primaryImageOfPage\":{\"@id\":\"https:\\\/\\\/somumsessions.fr\\\/#primaryimage\"},\"image\":{\"@id\":\"https:\\\/\\\/somumsessions.fr\\\/#primaryimage\"},\"thumbnailUrl\":\"https:\\\/\\\/somumsessions.fr\\\/wp-content\\\/uploads\\\/2025\\\/04\\\/En-France-2-millions-de-familles-sont-monoparentales-soit-1-famille-sur-4.-3-1.png\",\"datePublished\":\"2025-04-09T14:01:11+00:00\",\"dateModified\":\"2026-01-18T14:16:04+00:00\",\"description\":\"Association d\u00e9di\u00e9e \u00e0 l'insertion professionnelle des m\u00e8res isol\u00e9es : emploi, formation, reconversion, entrepreunariat et confiance en soi...\",\"breadcrumb\":{\"@id\":\"https:\\\/\\\/somumsessions.fr\\\/#breadcrumb\"},\"inLanguage\":\"fr-FR\",\"potentialAction\":[{\"@type\":\"ReadAction\",\"target\":[\"https:\\\/\\\/somumsessions.fr\\\/\"]}]},{\"@type\":\"ImageObject\",\"inLanguage\":\"fr-FR\",\"@id\":\"https:\\\/\\\/somumsessions.fr\\\/#primaryimage\",\"url\":\"https:\\\/\\\/somumsessions.fr\\\/wp-content\\\/uploads\\\/2025\\\/04\\\/En-France-2-millions-de-familles-sont-monoparentales-soit-1-famille-sur-4.-3-1.png\",\"contentUrl\":\"https:\\\/\\\/somumsessions.fr\\\/wp-content\\\/uploads\\\/2025\\\/04\\\/En-France-2-millions-de-familles-sont-monoparentales-soit-1-famille-sur-4.-3-1.png\",\"width\":500,\"height\":500},{\"@type\":\"BreadcrumbList\",\"@id\":\"https:\\\/\\\/somumsessions.fr\\\/#breadcrumb\",\"itemListElement\":[{\"@type\":\"ListItem\",\"position\":1,\"name\":\"Accueil\",\"item\":\"https:\\\/\\\/somumsessions.fr\\\/\"},{\"@type\":\"ListItem\",\"position\":2,\"name\":\"L&rsquo;association\"}]},{\"@type\":\"WebSite\",\"@id\":\"https:\\\/\\\/somumsessions.fr\\\/#website\",\"url\":\"https:\\\/\\\/somumsessions.fr\\\/\",\"name\":\"Somum Sessions\",\"description\":\"L&#039;\u00e9quilibre des mamans solos, un coaching \u00e0 votre mesure.\",\"publisher\":{\"@id\":\"https:\\\/\\\/somumsessions.fr\\\/#organization\"},\"potentialAction\":[{\"@type\":\"SearchAction\",\"target\":{\"@type\":\"EntryPoint\",\"urlTemplate\":\"https:\\\/\\\/somumsessions.fr\\\/?s={search_term_string}\"},\"query-input\":{\"@type\":\"PropertyValueSpecification\",\"valueRequired\":true,\"valueName\":\"search_term_string\"}}],\"inLanguage\":\"fr-FR\"},{\"@type\":\"Organization\",\"@id\":\"https:\\\/\\\/somumsessions.fr\\\/#organization\",\"name\":\"Somum Sessions\",\"url\":\"https:\\\/\\\/somumsessions.fr\\\/\",\"logo\":{\"@type\":\"ImageObject\",\"inLanguage\":\"fr-FR\",\"@id\":\"https:\\\/\\\/somumsessions.fr\\\/#\\\/schema\\\/logo\\\/image\\\/\",\"url\":\"https:\\\/\\\/somumsessions.fr\\\/wp-content\\\/uploads\\\/2025\\\/04\\\/Logo-SoMum-Sessions-6.png\",\"contentUrl\":\"https:\\\/\\\/somumsessions.fr\\\/wp-content\\\/uploads\\\/2025\\\/04\\\/Logo-SoMum-Sessions-6.png\",\"width\":500,\"height\":500,\"caption\":\"Somum Sessions\"},\"image\":{\"@id\":\"https:\\\/\\\/somumsessions.fr\\\/#\\\/schema\\\/logo\\\/image\\\/\"}}]}<\/script>\n<!-- \/ Yoast SEO plugin. -->","yoast_head_json":{"title":"Insertion professionnelle - M\u00e8res isol\u00e9es \u2013 Somum Sessions","description":"Association d\u00e9di\u00e9e \u00e0 l'insertion professionnelle des m\u00e8res isol\u00e9es : emploi, formation, reconversion, entrepreunariat et confiance en soi...","robots":{"index":"index","follow":"follow","max-snippet":"max-snippet:-1","max-image-preview":"max-image-preview:large","max-video-preview":"max-video-preview:-1"},"canonical":"https:\/\/somumsessions.fr\/","og_locale":"fr_FR","og_type":"article","og_title":"Insertion professionnelle - M\u00e8res isol\u00e9es \u2013 Somum Sessions","og_description":"Association d\u00e9di\u00e9e \u00e0 l'insertion professionnelle des m\u00e8res isol\u00e9es : emploi, formation, reconversion, entrepreunariat et confiance en soi...","og_url":"https:\/\/somumsessions.fr\/","article_modified_time":"2026-01-18T14:16:04+00:00","og_image":[{"width":512,"height":512,"url":"http:\/\/somumsessions.fr\/wp-content\/uploads\/2025\/04\/cropped-Logo-SoMum-Sessions-9-1.png","type":"image\/png"}],"twitter_card":"summary_large_image","twitter_image":"https:\/\/somumsessions.fr\/wp-content\/uploads\/2025\/04\/cropped-Logo-SoMum-Sessions-9-1.png","twitter_misc":{"Dur\u00e9e de lecture estim\u00e9e":"3 minutes"},"schema":{"@context":"https:\/\/schema.org","@graph":[{"@type":"WebPage","@id":"https:\/\/somumsessions.fr\/","url":"https:\/\/somumsessions.fr\/","name":"Insertion professionnelle - M\u00e8res isol\u00e9es \u2013 Somum Sessions","isPartOf":{"@id":"https:\/\/somumsessions.fr\/#website"},"primaryImageOfPage":{"@id":"https:\/\/somumsessions.fr\/#primaryimage"},"image":{"@id":"https:\/\/somumsessions.fr\/#primaryimage"},"thumbnailUrl":"https:\/\/somumsessions.fr\/wp-content\/uploads\/2025\/04\/En-France-2-millions-de-familles-sont-monoparentales-soit-1-famille-sur-4.-3-1.png","datePublished":"2025-04-09T14:01:11+00:00","dateModified":"2026-01-18T14:16:04+00:00","description":"Association d\u00e9di\u00e9e \u00e0 l'insertion professionnelle des m\u00e8res isol\u00e9es : emploi, formation, reconversion, entrepreunariat et confiance en soi...","breadcrumb":{"@id":"https:\/\/somumsessions.fr\/#breadcrumb"},"inLanguage":"fr-FR","potentialAction":[{"@type":"ReadAction","target":["https:\/\/somumsessions.fr\/"]}]},{"@type":"ImageObject","inLanguage":"fr-FR","@id":"https:\/\/somumsessions.fr\/#primaryimage","url":"https:\/\/somumsessions.fr\/wp-content\/uploads\/2025\/04\/En-France-2-millions-de-familles-sont-monoparentales-soit-1-famille-sur-4.-3-1.png","contentUrl":"https:\/\/somumsessions.fr\/wp-content\/uploads\/2025\/04\/En-France-2-millions-de-familles-sont-monoparentales-soit-1-famille-sur-4.-3-1.png","width":500,"height":500},{"@type":"BreadcrumbList","@id":"https:\/\/somumsessions.fr\/#breadcrumb","itemListElement":[{"@type":"ListItem","position":1,"name":"Accueil","item":"https:\/\/somumsessions.fr\/"},{"@type":"ListItem","position":2,"name":"L&rsquo;association"}]},{"@type":"WebSite","@id":"https:\/\/somumsessions.fr\/#website","url":"https:\/\/somumsessions.fr\/","name":"Somum Sessions","description":"L&#039;\u00e9quilibre des mamans solos, un coaching \u00e0 votre mesure.","publisher":{"@id":"https:\/\/somumsessions.fr\/#organization"},"potentialAction":[{"@type":"SearchAction","target":{"@type":"EntryPoint","urlTemplate":"https:\/\/somumsessions.fr\/?s={search_term_string}"},"query-input":{"@type":"PropertyValueSpecification","valueRequired":true,"valueName":"search_term_string"}}],"inLanguage":"fr-FR"},{"@type":"Organization","@id":"https:\/\/somumsessions.fr\/#organization","name":"Somum Sessions","url":"https:\/\/somumsessions.fr\/","logo":{"@type":"ImageObject","inLanguage":"fr-FR","@id":"https:\/\/somumsessions.fr\/#\/schema\/logo\/image\/","url":"https:\/\/somumsessions.fr\/wp-content\/uploads\/2025\/04\/Logo-SoMum-Sessions-6.png","contentUrl":"https:\/\/somumsessions.fr\/wp-content\/uploads\/2025\/04\/Logo-SoMum-Sessions-6.png","width":500,"height":500,"caption":"Somum Sessions"},"image":{"@id":"https:\/\/somumsessions.fr\/#\/schema\/logo\/image\/"}}]}},"_links":{"self":[{"href":"https:\/\/somumsessions.fr\/index.php?rest_route=\/wp\/v2\/pages\/28","targetHints":{"allow":["GET"]}}],"collection":[{"href":"https:\/\/somumsessions.fr\/index.php?rest_route=\/wp\/v2\/pages"}],"about":[{"href":"https:\/\/somumsessions.fr\/index.php?rest_route=\/wp\/v2\/types\/page"}],"author":[{"embeddable":true,"href":"https:\/\/somumsessions.fr\/index.php?rest_route=\/wp\/v2\/users\/1"}],"replies":[{"embeddable":true,"href":"https:\/\/somumsessions.fr\/index.php?rest_route=%2Fwp%2Fv2%2Fcomments&post=28"}],"version-history":[{"count":56,"href":"https:\/\/somumsessions.fr\/index.php?rest_route=\/wp\/v2\/pages\/28\/revisions"}],"predecessor-version":[{"id":409,"href":"https:\/\/somumsessions.fr\/index.php?rest_route=\/wp\/v2\/pages\/28\/revisions\/409"}],"wp:attachment":[{"href":"https:\/\/somumsessions.fr\/index.php?rest_route=%2Fwp%2Fv2%2Fmedia&parent=28"}],"curies":[{"name":"wp","href":"https:\/\/api.w.org\/{rel}","templated":true}]}}