{"id":32,"date":"2025-04-09T16:04:07","date_gmt":"2025-04-09T14:04:07","guid":{"rendered":"https:\/\/somumsessions.fr\/?page_id=32"},"modified":"2026-03-29T15:08:56","modified_gmt":"2026-03-29T13:08:56","slug":"accompagnement-coaching-maman-solo","status":"publish","type":"page","link":"https:\/\/somumsessions.fr\/?page_id=32","title":{"rendered":"L&rsquo;actualit\u00e9 SoMum Sessions"},"content":{"rendered":"\n<p><strong>Des rendez-vous pens\u00e9s par et pour les mamans solos.<\/strong><\/p>\n\n\n\n<p>Que tu sois en recherche d\u2019emploi, salari\u00e9e, en reconversion, porteuse de projet ou d\u00e9j\u00e0 entrepreneuse,&nbsp;<strong>les actions de Somum Sessions sont faites pour toi<\/strong>. <\/p>\n\n\n\n<p>Ici, on cr\u00e9e des espaces concrets pour se rencontrer, apprendre, s\u2019inspirer et avancer ensemble.<\/p>\n\n\n\n<div class=\"wp-block-columns is-layout-flex wp-container-core-columns-is-layout-28f84493 wp-block-columns-is-layout-flex\">\n<div class=\"wp-block-column is-layout-flow wp-block-column-is-layout-flow\">\n<h2 class=\"wp-block-heading\"><strong>\ud83e\uddf0&nbsp;<strong>Nos ateliers collectifs<\/strong><\/strong><\/h2>\n\n\n\n<p class=\"has-text-align-center\">\ud83d\udccc Prochain atelier collectif Somum Sessions : <strong>Rdv le vendredi 13 mars 2026, d\u00e8s 9h, au CIDFF (18 Place Tolozan \u00e0 Lyon 1er) !<\/strong><\/p>\n\n\n\n<p><strong>Des sessions \u00e0 taille humaine, 6 mamans maximum<\/strong><\/p>\n\n\n\n<p>En ligne ou en pr\u00e9sentiel chez nos partenaires (ou en ext\u00e9rieur, au parc Blandan d\u00e8s que la saison le permet).<\/p>\n\n\n\n<p>\ud83c\udfaf <strong>Objectif<\/strong> : que tu repartes avec des outils clairs, une \u00e9nergie reboost\u00e9e et l\u2019envie d\u2019avancer.<\/p>\n\n\n\n<p>Des formats en petits groupes pour se former, \u00e9changer et progresser ensemble.<br><strong>Les th\u00e9matiques phares<\/strong> :<\/p>\n\n\n\n<ul class=\"wp-block-list\">\n<li>Reprendre le contr\u00f4le sur son quotidien, all\u00e9ger sa charge mentale, et retrouver de l\u2019espace pour soi.<\/li>\n<\/ul>\n\n\n\n<ul class=\"wp-block-list\">\n<li>Se reconnecter \u00e0 ses comp\u00e9tences\/ressources, identifier ses forces et mieux s\u2019organiser pour aborder sereinement sa recherche d\u2019emploi\/reprise d&rsquo;activit\u00e9\/reconversion<\/li>\n\n\n\n<li>Booster sa confiance en soi<\/li>\n\n\n\n<li>Apprendre \u00e0 dire non sans culpabilit\u00e9, \u00e0 poser ses besoins, \u00e0 s\u2019exprimer clairement\u2026 pour arr\u00eater de tout porter<\/li>\n<\/ul>\n<\/div>\n\n\n\n<div class=\"wp-block-column is-layout-flow wp-block-column-is-layout-flow\">\n<h2 class=\"wp-block-heading\">\ud83d\udca1&nbsp;<strong>Nos webinaires inspirants<\/strong><\/h2>\n\n\n\n<p><strong>Chaque 3\u1d49 vendredi du mois, en visio de 12h45 \u00e0 13h45<\/strong>.<\/p>\n\n\n\n<p>Un vendredi midi, une pause qui booste.<br>Anim\u00e9 par une&nbsp;<strong>maman solo inspirante<\/strong>, experte dans son domaine, ce temps fort a pour objectifs :<\/p>\n\n\n\n<ul class=\"wp-block-list\">\n<li><strong>Inspirer<\/strong>&nbsp;\u00e0 travers un parcours authentique<\/li>\n\n\n\n<li><strong>Montrer le possible<\/strong>&nbsp;malgr\u00e9 les obstacles<\/li>\n\n\n\n<li><strong>Outiller<\/strong>&nbsp;avec des conseils concrets et activables<\/li>\n\n\n\n<li><strong>Echanger<\/strong> entre nous<\/li>\n<\/ul>\n\n\n\n<p>\ud83d\udccc Organisation, finances, reconversion, mindset, r\u00e9seaux\u2026 chaque mois, une th\u00e9matique qui r\u00e9sonne avec ton quotidien.<\/p>\n\n\n\n<p>\ud83c\udfac A noter :<\/p>\n\n\n\n<ul class=\"wp-block-list\">\n<li><strong><a href=\"https:\/\/www.helloasso.com\/associations\/somum-sessions\/evenements\/somum-session-webinaire-entre-nous-20-mars-2026\" type=\"link\" id=\"https:\/\/www.helloasso.com\/associations\/somum-sessions\/evenements\/somum-session-webinaire-entre-nous-20-mars-2026\" target=\"_blank\" rel=\"noreferrer noopener\">Vendredi 20 mars 2026<\/a><\/strong> : Entreprendre, en \u00e9tant maman solo ! Avec <strong>C\u00e9line De Araujo<\/strong>, fondatrice Esprit Talents &amp; Sk\u00f6le.<\/li>\n\n\n\n<li><a href=\"https:\/\/www.helloasso.com\/associations\/somum-sessions\/evenements\/somum-session-webinaire-entre-nous-24-avril-2026\" type=\"link\" id=\"https:\/\/www.helloasso.com\/associations\/somum-sessions\/evenements\/somum-session-webinaire-entre-nous-24-avril-2026\" target=\"_blank\" rel=\"noreferrer noopener\"><strong>Vendredi 24 avril 2026<\/strong> <\/a>: Prendre soin de soi, pour mieux prendre soin de ses enfants ! Avec <strong>Sophie Carpentier<\/strong>, gestionnaire administratif RH et podcasteuse \u00ab\u00a0Paroles de femme &#8211; Honorables\u00a0\u00bb<\/li>\n\n\n\n<li><strong><a href=\"https:\/\/www.helloasso.com\/associations\/somum-sessions\/evenements\/somum-session-webinaire-entre-nous-27-mai-2026\" type=\"link\" id=\"https:\/\/www.helloasso.com\/associations\/somum-sessions\/evenements\/somum-session-webinaire-entre-nous-27-mai-2026\" target=\"_blank\" rel=\"noreferrer noopener\">Mercredi 27 mai 2026<\/a><\/strong> : Maman solo, salari\u00e9e et \u00e9lue, comment ai-je fais ? Avec<strong> Coralie Tracq<\/strong>, responsable TH et RSE.<\/li>\n\n\n\n<li><a href=\"https:\/\/www.helloasso.com\/associations\/somum-sessions\/evenements\/somum-session-webinaire-entre-nous-19-juin-2026\" type=\"link\" id=\"https:\/\/www.helloasso.com\/associations\/somum-sessions\/evenements\/somum-session-webinaire-entre-nous-19-juin-2026\"><strong>Vendredi 19 Juin <\/strong><\/a><a href=\"https:\/\/www.helloasso.com\/associations\/somum-sessions\/evenements\/somum-session-webinaire-entre-nous-19-juin-2026\" type=\"link\" id=\"https:\/\/www.helloasso.com\/associations\/somum-sessions\/evenements\/somum-session-webinaire-entre-nous-19-juin-2026\" target=\"_blank\" rel=\"noreferrer noopener\"><strong>2026<\/strong><\/a> : Se reconstruire apr\u00e8s le deuil ? Avec <strong>Catherine Bossaert<\/strong>, fondatrice de l&rsquo;association Movida. <\/li>\n<\/ul>\n<\/div>\n<\/div>\n\n\n\n<div class=\"wp-block-columns is-layout-flex wp-container-core-columns-is-layout-28f84493 wp-block-columns-is-layout-flex\">\n<div class=\"wp-block-column is-layout-flow wp-block-column-is-layout-flow\">\n<h2 class=\"wp-block-heading\">\u2615&nbsp;<strong>Le caf\u00e9 Somum Sessions<\/strong><\/h2>\n\n\n\n<p><strong>1 fois par trimestre en pr\u00e9sentiel<\/strong>.<\/p>\n\n\n\n<p>Un moment convivial et essentiel. <\/p>\n\n\n\n<p>Chaque trimestre, on se retrouve, entre nous, autour d\u2019un caf\u00e9 ou d\u00e9jeuner :<\/p>\n\n\n\n<ul class=\"wp-block-list\">\n<li><strong>Faire connaissance <\/strong>entre adh\u00e9rentes<\/li>\n\n\n\n<li><strong>Pr\u00e9senter les \u00e9v\u00e9nements et ateliers du mois<\/strong><\/li>\n\n\n\n<li><strong>Partager les id\u00e9es, projets<\/strong><\/li>\n\n\n\n<li><strong>Remonter vos besoins, souhaits<\/strong>&#8230;<\/li>\n<\/ul>\n\n\n\n<p>\ud83d\udca1 Un espace de parole bienveillant, un sas de d\u00e9compression, un premier pas vers l\u2019engagement collectif.<\/p>\n<\/div>\n\n\n\n<div class=\"wp-block-column is-layout-flow wp-block-column-is-layout-flow\">\n<h2 class=\"wp-block-heading\"><strong>\ud83c\udf89&nbsp;<strong>Nos \u00e9v\u00e9nements<\/strong><\/strong><\/h2>\n\n\n\n<p>Parce que les rencontres transforment.<\/p>\n\n\n\n<p>En cours de r\u00e9flexion :<\/p>\n\n\n\n<ul class=\"wp-block-list\">\n<li>La <strong>Journ\u00e9e des parents solos<\/strong>&nbsp;(Mai 2026)<\/li>\n\n\n\n<li><strong>Forum Emploi et Famille Monoparentale<\/strong>&nbsp;: une journ\u00e9e de connexions utiles entre mamans, employeurs et structures d\u2019accompagnement<\/li>\n\n\n\n<li><strong>D\u00e9jeuner R\u00e9seautage<\/strong>&nbsp;annuelle \u00e0 venir : inspirer, connecter, oser.<\/li>\n<\/ul>\n\n\n\n<p>\ud83d\udcc6 Ces \u00e9v\u00e9nements sont ouverts \u00e0 toutes les mamans solos, adh\u00e9rentes (ou futures).<\/p>\n<\/div>\n<\/div>\n\n\n\n<h3 class=\"wp-block-heading has-text-align-center\"><strong>\ud83d\udcb8 Une adh\u00e9sion solidaire et accessible<\/strong><\/h3>\n\n\n\n<p class=\"has-text-align-center\">Chez&nbsp;<strong>Somum Sessions<\/strong>, nous croyons que l\u2019argent ne doit jamais \u00eatre un frein pour rejoindre une communaut\u00e9 qui te soutient.<\/p>\n\n\n\n<p class=\"has-text-align-center\">C\u2019est pourquoi nous avons choisi une cotisation d\u2019adh\u00e9sion annuelle, simple et solidaire :<\/p>\n\n\n\n<p class=\"has-text-align-center\"><strong>&#8211; 15 \u20ac<\/strong>&nbsp;: si tu es en difficult\u00e9 financi\u00e8re ou b\u00e9n\u00e9ficiaire des minima sociaux<\/p>\n\n\n\n<p class=\"has-text-align-center\">&#8211; <strong>20 \u20ac<\/strong>&nbsp;: pour toutes les autres situations<\/p>\n\n\n\n<p class=\"has-text-align-center\">Nous faisons confiance \u00e0 chaque adh\u00e9rente : aucun justificatif ne sera demand\u00e9.<br>Ton adh\u00e9sion te permet de participer \u00e0 nos ateliers, \u00e9v\u00e9nements, rencontres et de soutenir l&rsquo;association qui agit concr\u00e8tement pour les familles monoparentales.<\/p>\n\n\n\n<p class=\"has-text-align-center\">\ud83d\udc49&nbsp;<a href=\"#\">Adh\u00e9rer d\u00e8s maintenant sur <\/a>: <a href=\"https:\/\/www.helloasso.com\/associations\/somum-sessions\/adhesions\/adhesion-2026-somum-sessions\" target=\"_blank\" rel=\"noreferrer noopener\">c&rsquo;est ici !<\/a><\/p>\n\n\n\n<hr class=\"wp-block-separator has-alpha-channel-opacity\"\/>\n\n\n\n<p><strong>Envie d\u2019en savoir plus ? Parlons-en !<\/strong> \ud83d\udce9 <a data-type=\"page\" data-id=\"34\" href=\"https:\/\/somumsessions.fr\/?page_id=34\">Contacte-nous <\/a>par mail pour trouver ensemble l\u2019accompagnement qui te convient.<\/p>\n\n\n\n<p><a data-type=\"page\" data-id=\"100\" href=\"https:\/\/somumsessions.fr\/?page_id=100\">L&rsquo;\u00e9quipe Somum Sessions ?<\/a><\/p>\n\n\n\n<p><a href=\"https:\/\/www.linkedin.com\/company\/somumsession\">Notre actualit\u00e9<\/a><\/p>\n","protected":false},"excerpt":{"rendered":"<p>Des rendez-vous pens\u00e9s par et pour les mamans solos. Que tu sois en recherche d\u2019emploi, salari\u00e9e, en reconversion, porteuse de [&hellip;]<\/p>\n","protected":false},"author":1,"featured_media":0,"parent":0,"menu_order":0,"comment_status":"closed","ping_status":"closed","template":"","meta":{"site-sidebar-layout":"default","site-content-layout":"","ast-site-content-layout":"default","site-content-style":"default","site-sidebar-style":"default","ast-global-header-display":"","ast-banner-title-visibility":"","ast-main-header-display":"","ast-hfb-above-header-display":"","ast-hfb-below-header-display":"","ast-hfb-mobile-header-display":"","site-post-title":"","ast-breadcrumbs-content":"","ast-featured-img":"","footer-sml-layout":"","ast-disable-related-posts":"","theme-transparent-header-meta":"","adv-header-id-meta":"","stick-header-meta":"","header-above-stick-meta":"","header-main-stick-meta":"","header-below-stick-meta":"","astra-migrate-meta-layouts":"default","ast-page-background-enabled":"default","ast-page-background-meta":{"desktop":{"background-color":"var(--ast-global-color-5)","background-image":"","background-repeat":"repeat","background-position":"center center","background-size":"auto","background-attachment":"scroll","background-type":"","background-media":"","overlay-type":"","overlay-color":"","overlay-opacity":"","overlay-gradient":""},"tablet":{"background-color":"","background-image":"","background-repeat":"repeat","background-position":"center center","background-size":"auto","background-attachment":"scroll","background-type":"","background-media":"","overlay-type":"","overlay-color":"","overlay-opacity":"","overlay-gradient":""},"mobile":{"background-color":"","background-image":"","background-repeat":"repeat","background-position":"center center","background-size":"auto","background-attachment":"scroll","background-type":"","background-media":"","overlay-type":"","overlay-color":"","overlay-opacity":"","overlay-gradient":""}},"ast-content-background-meta":{"desktop":{"background-color":"var(--ast-global-color-4)","background-image":"","background-repeat":"repeat","background-position":"center center","background-size":"auto","background-attachment":"scroll","background-type":"","background-media":"","overlay-type":"","overlay-color":"","overlay-opacity":"","overlay-gradient":""},"tablet":{"background-color":"var(--ast-global-color-4)","background-image":"","background-repeat":"repeat","background-position":"center center","background-size":"auto","background-attachment":"scroll","background-type":"","background-media":"","overlay-type":"","overlay-color":"","overlay-opacity":"","overlay-gradient":""},"mobile":{"background-color":"var(--ast-global-color-4)","background-image":"","background-repeat":"repeat","background-position":"center center","background-size":"auto","background-attachment":"scroll","background-type":"","background-media":"","overlay-type":"","overlay-color":"","overlay-opacity":"","overlay-gradient":""}},"footnotes":""},"class_list":["post-32","page","type-page","status-publish","hentry"],"yoast_head":"<!-- This site is optimized with the Yoast SEO plugin v27.5 - https:\/\/yoast.com\/product\/yoast-seo-wordpress\/ -->\n<title>L&#039;actualit\u00e9 SoMum Sessions<\/title>\n<meta name=\"description\" content=\"Besoin d\u2019un accompagnement adapt\u00e9 \u00e0 ta r\u00e9alit\u00e9 de maman solo ? Somum Sessions t\u2019aide \u00e0 relever les d\u00e9fis de la monoparentalit\u00e9 avec s\u00e9r\u00e9nit\u00e9.\" \/>\n<meta name=\"robots\" content=\"index, follow, max-snippet:-1, max-image-preview:large, max-video-preview:-1\" \/>\n<link rel=\"canonical\" href=\"https:\/\/somumsessions.fr\/?page_id=32\" \/>\n<meta property=\"og:locale\" content=\"fr_FR\" \/>\n<meta property=\"og:type\" content=\"article\" \/>\n<meta property=\"og:title\" content=\"L&#039;actualit\u00e9 SoMum Sessions\" \/>\n<meta property=\"og:description\" content=\"Besoin d\u2019un accompagnement adapt\u00e9 \u00e0 ta r\u00e9alit\u00e9 de maman solo ? Somum Sessions t\u2019aide \u00e0 relever les d\u00e9fis de la monoparentalit\u00e9 avec s\u00e9r\u00e9nit\u00e9.\" \/>\n<meta property=\"og:url\" content=\"https:\/\/somumsessions.fr\/?page_id=32\" \/>\n<meta property=\"article:modified_time\" content=\"2026-03-29T13:08:56+00:00\" \/>\n<meta property=\"og:image\" content=\"https:\/\/somumsessions.fr\/wp-content\/uploads\/2025\/04\/Sans-titre-1045-x-250-px-2.png\" \/>\n\t<meta property=\"og:image:width\" content=\"1045\" \/>\n\t<meta property=\"og:image:height\" content=\"250\" \/>\n\t<meta property=\"og:image:type\" content=\"image\/png\" \/>\n<meta name=\"twitter:card\" content=\"summary_large_image\" \/>\n<meta name=\"twitter:label1\" content=\"Dur\u00e9e de lecture estim\u00e9e\" \/>\n\t<meta name=\"twitter:data1\" content=\"3 minutes\" \/>\n<script type=\"application\/ld+json\" class=\"yoast-schema-graph\">{\"@context\":\"https:\\\/\\\/schema.org\",\"@graph\":[{\"@type\":\"WebPage\",\"@id\":\"https:\\\/\\\/somumsessions.fr\\\/?page_id=32\",\"url\":\"https:\\\/\\\/somumsessions.fr\\\/?page_id=32\",\"name\":\"L'actualit\u00e9 SoMum Sessions\",\"isPartOf\":{\"@id\":\"https:\\\/\\\/somumsessions.fr\\\/#website\"},\"datePublished\":\"2025-04-09T14:04:07+00:00\",\"dateModified\":\"2026-03-29T13:08:56+00:00\",\"description\":\"Besoin d\u2019un accompagnement adapt\u00e9 \u00e0 ta r\u00e9alit\u00e9 de maman solo ? Somum Sessions t\u2019aide \u00e0 relever les d\u00e9fis de la monoparentalit\u00e9 avec s\u00e9r\u00e9nit\u00e9.\",\"breadcrumb\":{\"@id\":\"https:\\\/\\\/somumsessions.fr\\\/?page_id=32#breadcrumb\"},\"inLanguage\":\"fr-FR\",\"potentialAction\":[{\"@type\":\"ReadAction\",\"target\":[\"https:\\\/\\\/somumsessions.fr\\\/?page_id=32\"]}]},{\"@type\":\"BreadcrumbList\",\"@id\":\"https:\\\/\\\/somumsessions.fr\\\/?page_id=32#breadcrumb\",\"itemListElement\":[{\"@type\":\"ListItem\",\"position\":1,\"name\":\"Accueil\",\"item\":\"https:\\\/\\\/somumsessions.fr\\\/\"},{\"@type\":\"ListItem\",\"position\":2,\"name\":\"L&rsquo;actualit\u00e9 SoMum Sessions\"}]},{\"@type\":\"WebSite\",\"@id\":\"https:\\\/\\\/somumsessions.fr\\\/#website\",\"url\":\"https:\\\/\\\/somumsessions.fr\\\/\",\"name\":\"Somum Sessions\",\"description\":\"L&#039;\u00e9quilibre des mamans solos, un coaching \u00e0 votre mesure.\",\"publisher\":{\"@id\":\"https:\\\/\\\/somumsessions.fr\\\/#organization\"},\"potentialAction\":[{\"@type\":\"SearchAction\",\"target\":{\"@type\":\"EntryPoint\",\"urlTemplate\":\"https:\\\/\\\/somumsessions.fr\\\/?s={search_term_string}\"},\"query-input\":{\"@type\":\"PropertyValueSpecification\",\"valueRequired\":true,\"valueName\":\"search_term_string\"}}],\"inLanguage\":\"fr-FR\"},{\"@type\":\"Organization\",\"@id\":\"https:\\\/\\\/somumsessions.fr\\\/#organization\",\"name\":\"Somum Sessions\",\"url\":\"https:\\\/\\\/somumsessions.fr\\\/\",\"logo\":{\"@type\":\"ImageObject\",\"inLanguage\":\"fr-FR\",\"@id\":\"https:\\\/\\\/somumsessions.fr\\\/#\\\/schema\\\/logo\\\/image\\\/\",\"url\":\"https:\\\/\\\/somumsessions.fr\\\/wp-content\\\/uploads\\\/2025\\\/04\\\/Logo-SoMum-Sessions-6.png\",\"contentUrl\":\"https:\\\/\\\/somumsessions.fr\\\/wp-content\\\/uploads\\\/2025\\\/04\\\/Logo-SoMum-Sessions-6.png\",\"width\":500,\"height\":500,\"caption\":\"Somum Sessions\"},\"image\":{\"@id\":\"https:\\\/\\\/somumsessions.fr\\\/#\\\/schema\\\/logo\\\/image\\\/\"}}]}<\/script>\n<!-- \/ Yoast SEO plugin. -->","yoast_head_json":{"title":"L'actualit\u00e9 SoMum Sessions","description":"Besoin d\u2019un accompagnement adapt\u00e9 \u00e0 ta r\u00e9alit\u00e9 de maman solo ? Somum Sessions t\u2019aide \u00e0 relever les d\u00e9fis de la monoparentalit\u00e9 avec s\u00e9r\u00e9nit\u00e9.","robots":{"index":"index","follow":"follow","max-snippet":"max-snippet:-1","max-image-preview":"max-image-preview:large","max-video-preview":"max-video-preview:-1"},"canonical":"https:\/\/somumsessions.fr\/?page_id=32","og_locale":"fr_FR","og_type":"article","og_title":"L'actualit\u00e9 SoMum Sessions","og_description":"Besoin d\u2019un accompagnement adapt\u00e9 \u00e0 ta r\u00e9alit\u00e9 de maman solo ? Somum Sessions t\u2019aide \u00e0 relever les d\u00e9fis de la monoparentalit\u00e9 avec s\u00e9r\u00e9nit\u00e9.","og_url":"https:\/\/somumsessions.fr\/?page_id=32","article_modified_time":"2026-03-29T13:08:56+00:00","og_image":[{"width":1045,"height":250,"url":"https:\/\/somumsessions.fr\/wp-content\/uploads\/2025\/04\/Sans-titre-1045-x-250-px-2.png","type":"image\/png"}],"twitter_card":"summary_large_image","twitter_misc":{"Dur\u00e9e de lecture estim\u00e9e":"3 minutes"},"schema":{"@context":"https:\/\/schema.org","@graph":[{"@type":"WebPage","@id":"https:\/\/somumsessions.fr\/?page_id=32","url":"https:\/\/somumsessions.fr\/?page_id=32","name":"L'actualit\u00e9 SoMum Sessions","isPartOf":{"@id":"https:\/\/somumsessions.fr\/#website"},"datePublished":"2025-04-09T14:04:07+00:00","dateModified":"2026-03-29T13:08:56+00:00","description":"Besoin d\u2019un accompagnement adapt\u00e9 \u00e0 ta r\u00e9alit\u00e9 de maman solo ? Somum Sessions t\u2019aide \u00e0 relever les d\u00e9fis de la monoparentalit\u00e9 avec s\u00e9r\u00e9nit\u00e9.","breadcrumb":{"@id":"https:\/\/somumsessions.fr\/?page_id=32#breadcrumb"},"inLanguage":"fr-FR","potentialAction":[{"@type":"ReadAction","target":["https:\/\/somumsessions.fr\/?page_id=32"]}]},{"@type":"BreadcrumbList","@id":"https:\/\/somumsessions.fr\/?page_id=32#breadcrumb","itemListElement":[{"@type":"ListItem","position":1,"name":"Accueil","item":"https:\/\/somumsessions.fr\/"},{"@type":"ListItem","position":2,"name":"L&rsquo;actualit\u00e9 SoMum Sessions"}]},{"@type":"WebSite","@id":"https:\/\/somumsessions.fr\/#website","url":"https:\/\/somumsessions.fr\/","name":"Somum Sessions","description":"L&#039;\u00e9quilibre des mamans solos, un coaching \u00e0 votre mesure.","publisher":{"@id":"https:\/\/somumsessions.fr\/#organization"},"potentialAction":[{"@type":"SearchAction","target":{"@type":"EntryPoint","urlTemplate":"https:\/\/somumsessions.fr\/?s={search_term_string}"},"query-input":{"@type":"PropertyValueSpecification","valueRequired":true,"valueName":"search_term_string"}}],"inLanguage":"fr-FR"},{"@type":"Organization","@id":"https:\/\/somumsessions.fr\/#organization","name":"Somum Sessions","url":"https:\/\/somumsessions.fr\/","logo":{"@type":"ImageObject","inLanguage":"fr-FR","@id":"https:\/\/somumsessions.fr\/#\/schema\/logo\/image\/","url":"https:\/\/somumsessions.fr\/wp-content\/uploads\/2025\/04\/Logo-SoMum-Sessions-6.png","contentUrl":"https:\/\/somumsessions.fr\/wp-content\/uploads\/2025\/04\/Logo-SoMum-Sessions-6.png","width":500,"height":500,"caption":"Somum Sessions"},"image":{"@id":"https:\/\/somumsessions.fr\/#\/schema\/logo\/image\/"}}]}},"_links":{"self":[{"href":"https:\/\/somumsessions.fr\/index.php?rest_route=\/wp\/v2\/pages\/32","targetHints":{"allow":["GET"]}}],"collection":[{"href":"https:\/\/somumsessions.fr\/index.php?rest_route=\/wp\/v2\/pages"}],"about":[{"href":"https:\/\/somumsessions.fr\/index.php?rest_route=\/wp\/v2\/types\/page"}],"author":[{"embeddable":true,"href":"https:\/\/somumsessions.fr\/index.php?rest_route=\/wp\/v2\/users\/1"}],"replies":[{"embeddable":true,"href":"https:\/\/somumsessions.fr\/index.php?rest_route=%2Fwp%2Fv2%2Fcomments&post=32"}],"version-history":[{"count":34,"href":"https:\/\/somumsessions.fr\/index.php?rest_route=\/wp\/v2\/pages\/32\/revisions"}],"predecessor-version":[{"id":428,"href":"https:\/\/somumsessions.fr\/index.php?rest_route=\/wp\/v2\/pages\/32\/revisions\/428"}],"wp:attachment":[{"href":"https:\/\/somumsessions.fr\/index.php?rest_route=%2Fwp%2Fv2%2Fmedia&parent=32"}],"curies":[{"name":"wp","href":"https:\/\/api.w.org\/{rel}","templated":true}]}}