{"id":34,"date":"2025-04-09T16:06:13","date_gmt":"2025-04-09T14:06:13","guid":{"rendered":"https:\/\/somumsessions.fr\/?page_id=34"},"modified":"2026-01-18T15:18:43","modified_gmt":"2026-01-18T14:18:43","slug":"contact-coaching-monoparentalite","status":"publish","type":"page","link":"https:\/\/somumsessions.fr\/?page_id=34","title":{"rendered":"Contact"},"content":{"rendered":"\n<p><strong>Une question ? Un besoin ? Parlons-en !<\/strong><\/p>\n\n\n\n<p>Maman solo, active, chercheuse d\u2019emploi ou en reconversion, <strong>Somum Sessions s\u2019adapte \u00e0 ton besoin.<\/strong> Aussi, entreprise ou association, \u00e0 la recherche d&rsquo;un partenariat ou d\u2019un atelier d\u00e9di\u00e9 \u00e0 vos collaboratrices, nous sommes l\u00e0, \u00e9galement, pour \u00e9changer avec vous.<\/p>\n\n\n\n<p class=\"has-text-align-center\">\ud83d\udcac <strong>Alors<\/strong>,<strong>contactez-nous directement :<\/strong> \u2709\ufe0f somumsessions@gmail.com <\/p>\n\n\n\n<hr class=\"wp-block-separator has-alpha-channel-opacity\"\/>\n\n\n\n<h3 class=\"wp-block-heading\"><strong>\u2753 FAQ &#8211; Tu te poses peut-\u00eatre ces questions ?<\/strong><\/h3>\n\n\n\n<p>\ud83d\udd39&nbsp;<strong>Je manque de temps, est-ce adapt\u00e9 \u00e0 mon rythme ?<\/strong><br>Bien s\u00fbr ! Les activit\u00e9s de Somum Sessions sont pens\u00e9es pour s\u2019int\u00e9grer \u00e0 la r\u00e9alit\u00e9 des parents solos. Tu peux participer aux ateliers en pr\u00e9sentiel (sur la M\u00e9tropole de Lyon) ou, quand c\u2019est possible, en visio. Nous proposons aussi des formats courts comme les webinaires de 45mn ou les Caf\u00e9s Somum Sessions, pour que tu trouves toujours un moment qui te correspond.<\/p>\n\n\n\n<p>\ud83d\udd39&nbsp;<strong>Quels sont les tarifs pour participer aux actions ?<\/strong><br>L\u2019acc\u00e8s aux ateliers et \u00e9v\u00e9nements se fait via une&nbsp;<strong>adh\u00e9sion solidaire annuelle \u00e0 l\u2019association<\/strong>&nbsp;:<\/p>\n\n\n\n<ul class=\"wp-block-list\">\n<li>15 \u20ac pour les mamans en difficult\u00e9 financi\u00e8re ou aux minima sociaux<\/li>\n\n\n\n<li>20 \u20ac pour les autres situations<br>\ud83d\udc49 Nous faisons confiance \u00e0 chaque adh\u00e9rente, aucun justificatif n\u2019est demand\u00e9.<\/li>\n<\/ul>\n\n\n\n<p>Ton adh\u00e9sion te permet ensuite de participer librement \u00e0 nos activit\u00e9s, selon tes disponibilit\u00e9s et tes besoins.<\/p>\n\n\n\n<p>\ud83d\udd39 <strong>Je suis RH et j\u2019aimerais organiser un atelier en entreprise. Comment faire ?<br><\/strong>C\u2019est simple ! D&rsquo;ailleurs, contactez-nous pour discuter de votre projet et nous construirons ensemble un format d\u2019atelier impactant et adapt\u00e9 \u00e0 votre \u00e9quipe.<\/p>\n\n\n\n<hr class=\"wp-block-separator has-alpha-channel-opacity\"\/>\n\n\n\n<h3 class=\"wp-block-heading\"><strong>\ud83d\udcf2 Retrouve Somum Sessions sur les r\u00e9seaux<\/strong><\/h3>\n\n\n\n<p>Somum Sessions, c\u2019est aussi une communaut\u00e9 de mamans solos qui \u00e9changent, partagent et se soutiennent. Alors, rejoins-nous !<\/p>\n\n\n\n<p><a href=\"https:\/\/www.linkedin.com\/company\/somumsession\/?viewAsMember=true\">LinkedIn<\/a> ou <a data-type=\"link\" data-id=\"https:\/\/www.facebook.com\/somumsessions\" href=\"https:\/\/www.facebook.com\/somumsessions\">Facebook<\/a>                                                                                        <a data-type=\"page\" data-id=\"100\" href=\"https:\/\/somumsessions.fr\/?page_id=100\">L&rsquo;\u00e9quipe Somum Sessions ?<\/a>                                                     <a data-type=\"page\" data-id=\"32\" href=\"https:\/\/somumsessions.fr\/?page_id=32\">D\u00e9couvre toute notre actualit\u00e9 ici.<\/a><\/p>\n\n\n\n<p class=\"has-text-align-center\">Pr\u00eate \u00e0 faire le premier pas ? Alors, envoyez-nous sans tarder, un message sur <strong>somumsessions@gmail.com<\/strong> et avan\u00e7ons ensemble !&nbsp;<\/p>\n\n\n\n<p class=\"has-text-align-center\">\ud83d\udc49\u00a0<a href=\"#\">Adh\u00e9rer d\u00e8s maintenant sur <\/a>: <a href=\"https:\/\/www.helloasso.com\/associations\/somum-sessions\/adhesions\/adhesion-2026-somum-sessions\" target=\"_blank\" rel=\"noreferrer noopener\">c&rsquo;est ici !<\/a><\/p>\n","protected":false},"excerpt":{"rendered":"<p>Une question ? Un besoin ? Parlons-en ! Maman solo, active, chercheuse d\u2019emploi ou en reconversion, Somum Sessions s\u2019adapte \u00e0 [&hellip;]<\/p>\n","protected":false},"author":1,"featured_media":0,"parent":0,"menu_order":0,"comment_status":"closed","ping_status":"closed","template":"","meta":{"site-sidebar-layout":"default","site-content-layout":"","ast-site-content-layout":"default","site-content-style":"default","site-sidebar-style":"default","ast-global-header-display":"","ast-banner-title-visibility":"","ast-main-header-display":"","ast-hfb-above-header-display":"","ast-hfb-below-header-display":"","ast-hfb-mobile-header-display":"","site-post-title":"","ast-breadcrumbs-content":"","ast-featured-img":"","footer-sml-layout":"","ast-disable-related-posts":"","theme-transparent-header-meta":"","adv-header-id-meta":"","stick-header-meta":"","header-above-stick-meta":"","header-main-stick-meta":"","header-below-stick-meta":"","astra-migrate-meta-layouts":"default","ast-page-background-enabled":"default","ast-page-background-meta":{"desktop":{"background-color":"var(--ast-global-color-5)","background-image":"","background-repeat":"repeat","background-position":"center center","background-size":"auto","background-attachment":"scroll","background-type":"","background-media":"","overlay-type":"","overlay-color":"","overlay-opacity":"","overlay-gradient":""},"tablet":{"background-color":"","background-image":"","background-repeat":"repeat","background-position":"center center","background-size":"auto","background-attachment":"scroll","background-type":"","background-media":"","overlay-type":"","overlay-color":"","overlay-opacity":"","overlay-gradient":""},"mobile":{"background-color":"","background-image":"","background-repeat":"repeat","background-position":"center center","background-size":"auto","background-attachment":"scroll","background-type":"","background-media":"","overlay-type":"","overlay-color":"","overlay-opacity":"","overlay-gradient":""}},"ast-content-background-meta":{"desktop":{"background-color":"var(--ast-global-color-4)","background-image":"","background-repeat":"repeat","background-position":"center center","background-size":"auto","background-attachment":"scroll","background-type":"","background-media":"","overlay-type":"","overlay-color":"","overlay-opacity":"","overlay-gradient":""},"tablet":{"background-color":"var(--ast-global-color-4)","background-image":"","background-repeat":"repeat","background-position":"center center","background-size":"auto","background-attachment":"scroll","background-type":"","background-media":"","overlay-type":"","overlay-color":"","overlay-opacity":"","overlay-gradient":""},"mobile":{"background-color":"var(--ast-global-color-4)","background-image":"","background-repeat":"repeat","background-position":"center center","background-size":"auto","background-attachment":"scroll","background-type":"","background-media":"","overlay-type":"","overlay-color":"","overlay-opacity":"","overlay-gradient":""}},"footnotes":""},"class_list":["post-34","page","type-page","status-publish","hentry"],"yoast_head":"<!-- This site is optimized with the Yoast SEO plugin v27.5 - https:\/\/yoast.com\/product\/yoast-seo-wordpress\/ -->\n<title>Maman solo coaching contact Somum Sessions<\/title>\n<meta name=\"description\" content=\"Besoin d\u2019un coaching d\u00e9di\u00e9 \u00e0 la monoparentalit\u00e9 ? Contacte Audrey Ursulet ou propose un partenariat inspirant.\" \/>\n<meta name=\"robots\" content=\"index, follow, max-snippet:-1, max-image-preview:large, max-video-preview:-1\" \/>\n<link rel=\"canonical\" href=\"https:\/\/somumsessions.fr\/?page_id=34\" \/>\n<meta property=\"og:locale\" content=\"fr_FR\" \/>\n<meta property=\"og:type\" content=\"article\" \/>\n<meta property=\"og:title\" content=\"Maman solo coaching contact Somum Sessions\" \/>\n<meta property=\"og:description\" content=\"Besoin d\u2019un coaching d\u00e9di\u00e9 \u00e0 la monoparentalit\u00e9 ? Contacte Audrey Ursulet ou propose un partenariat inspirant.\" \/>\n<meta property=\"og:url\" content=\"https:\/\/somumsessions.fr\/?page_id=34\" \/>\n<meta property=\"article:modified_time\" content=\"2026-01-18T14:18:43+00:00\" \/>\n<meta property=\"og:image\" content=\"https:\/\/somumsessions.fr\/wp-content\/uploads\/2025\/04\/Sans-titre-1045-x-250-px-2.png\" \/>\n\t<meta property=\"og:image:width\" content=\"1045\" \/>\n\t<meta property=\"og:image:height\" content=\"250\" \/>\n\t<meta property=\"og:image:type\" content=\"image\/png\" \/>\n<meta name=\"twitter:card\" content=\"summary_large_image\" \/>\n<meta name=\"twitter:label1\" content=\"Dur\u00e9e de lecture estim\u00e9e\" \/>\n\t<meta name=\"twitter:data1\" content=\"2 minutes\" \/>\n<script type=\"application\/ld+json\" class=\"yoast-schema-graph\">{\"@context\":\"https:\\\/\\\/schema.org\",\"@graph\":[{\"@type\":\"WebPage\",\"@id\":\"https:\\\/\\\/somumsessions.fr\\\/?page_id=34\",\"url\":\"https:\\\/\\\/somumsessions.fr\\\/?page_id=34\",\"name\":\"Maman solo coaching contact Somum Sessions\",\"isPartOf\":{\"@id\":\"https:\\\/\\\/somumsessions.fr\\\/#website\"},\"datePublished\":\"2025-04-09T14:06:13+00:00\",\"dateModified\":\"2026-01-18T14:18:43+00:00\",\"description\":\"Besoin d\u2019un coaching d\u00e9di\u00e9 \u00e0 la monoparentalit\u00e9 ? Contacte Audrey Ursulet ou propose un partenariat inspirant.\",\"breadcrumb\":{\"@id\":\"https:\\\/\\\/somumsessions.fr\\\/?page_id=34#breadcrumb\"},\"inLanguage\":\"fr-FR\",\"potentialAction\":[{\"@type\":\"ReadAction\",\"target\":[\"https:\\\/\\\/somumsessions.fr\\\/?page_id=34\"]}]},{\"@type\":\"BreadcrumbList\",\"@id\":\"https:\\\/\\\/somumsessions.fr\\\/?page_id=34#breadcrumb\",\"itemListElement\":[{\"@type\":\"ListItem\",\"position\":1,\"name\":\"Accueil\",\"item\":\"https:\\\/\\\/somumsessions.fr\\\/\"},{\"@type\":\"ListItem\",\"position\":2,\"name\":\"Contact\"}]},{\"@type\":\"WebSite\",\"@id\":\"https:\\\/\\\/somumsessions.fr\\\/#website\",\"url\":\"https:\\\/\\\/somumsessions.fr\\\/\",\"name\":\"Somum Sessions\",\"description\":\"L&#039;\u00e9quilibre des mamans solos, un coaching \u00e0 votre mesure.\",\"publisher\":{\"@id\":\"https:\\\/\\\/somumsessions.fr\\\/#organization\"},\"potentialAction\":[{\"@type\":\"SearchAction\",\"target\":{\"@type\":\"EntryPoint\",\"urlTemplate\":\"https:\\\/\\\/somumsessions.fr\\\/?s={search_term_string}\"},\"query-input\":{\"@type\":\"PropertyValueSpecification\",\"valueRequired\":true,\"valueName\":\"search_term_string\"}}],\"inLanguage\":\"fr-FR\"},{\"@type\":\"Organization\",\"@id\":\"https:\\\/\\\/somumsessions.fr\\\/#organization\",\"name\":\"Somum Sessions\",\"url\":\"https:\\\/\\\/somumsessions.fr\\\/\",\"logo\":{\"@type\":\"ImageObject\",\"inLanguage\":\"fr-FR\",\"@id\":\"https:\\\/\\\/somumsessions.fr\\\/#\\\/schema\\\/logo\\\/image\\\/\",\"url\":\"https:\\\/\\\/somumsessions.fr\\\/wp-content\\\/uploads\\\/2025\\\/04\\\/Logo-SoMum-Sessions-6.png\",\"contentUrl\":\"https:\\\/\\\/somumsessions.fr\\\/wp-content\\\/uploads\\\/2025\\\/04\\\/Logo-SoMum-Sessions-6.png\",\"width\":500,\"height\":500,\"caption\":\"Somum Sessions\"},\"image\":{\"@id\":\"https:\\\/\\\/somumsessions.fr\\\/#\\\/schema\\\/logo\\\/image\\\/\"}}]}<\/script>\n<!-- \/ Yoast SEO plugin. -->","yoast_head_json":{"title":"Maman solo coaching contact Somum Sessions","description":"Besoin d\u2019un coaching d\u00e9di\u00e9 \u00e0 la monoparentalit\u00e9 ? Contacte Audrey Ursulet ou propose un partenariat inspirant.","robots":{"index":"index","follow":"follow","max-snippet":"max-snippet:-1","max-image-preview":"max-image-preview:large","max-video-preview":"max-video-preview:-1"},"canonical":"https:\/\/somumsessions.fr\/?page_id=34","og_locale":"fr_FR","og_type":"article","og_title":"Maman solo coaching contact Somum Sessions","og_description":"Besoin d\u2019un coaching d\u00e9di\u00e9 \u00e0 la monoparentalit\u00e9 ? Contacte Audrey Ursulet ou propose un partenariat inspirant.","og_url":"https:\/\/somumsessions.fr\/?page_id=34","article_modified_time":"2026-01-18T14:18:43+00:00","og_image":[{"width":1045,"height":250,"url":"https:\/\/somumsessions.fr\/wp-content\/uploads\/2025\/04\/Sans-titre-1045-x-250-px-2.png","type":"image\/png"}],"twitter_card":"summary_large_image","twitter_misc":{"Dur\u00e9e de lecture estim\u00e9e":"2 minutes"},"schema":{"@context":"https:\/\/schema.org","@graph":[{"@type":"WebPage","@id":"https:\/\/somumsessions.fr\/?page_id=34","url":"https:\/\/somumsessions.fr\/?page_id=34","name":"Maman solo coaching contact Somum Sessions","isPartOf":{"@id":"https:\/\/somumsessions.fr\/#website"},"datePublished":"2025-04-09T14:06:13+00:00","dateModified":"2026-01-18T14:18:43+00:00","description":"Besoin d\u2019un coaching d\u00e9di\u00e9 \u00e0 la monoparentalit\u00e9 ? Contacte Audrey Ursulet ou propose un partenariat inspirant.","breadcrumb":{"@id":"https:\/\/somumsessions.fr\/?page_id=34#breadcrumb"},"inLanguage":"fr-FR","potentialAction":[{"@type":"ReadAction","target":["https:\/\/somumsessions.fr\/?page_id=34"]}]},{"@type":"BreadcrumbList","@id":"https:\/\/somumsessions.fr\/?page_id=34#breadcrumb","itemListElement":[{"@type":"ListItem","position":1,"name":"Accueil","item":"https:\/\/somumsessions.fr\/"},{"@type":"ListItem","position":2,"name":"Contact"}]},{"@type":"WebSite","@id":"https:\/\/somumsessions.fr\/#website","url":"https:\/\/somumsessions.fr\/","name":"Somum Sessions","description":"L&#039;\u00e9quilibre des mamans solos, un coaching \u00e0 votre mesure.","publisher":{"@id":"https:\/\/somumsessions.fr\/#organization"},"potentialAction":[{"@type":"SearchAction","target":{"@type":"EntryPoint","urlTemplate":"https:\/\/somumsessions.fr\/?s={search_term_string}"},"query-input":{"@type":"PropertyValueSpecification","valueRequired":true,"valueName":"search_term_string"}}],"inLanguage":"fr-FR"},{"@type":"Organization","@id":"https:\/\/somumsessions.fr\/#organization","name":"Somum Sessions","url":"https:\/\/somumsessions.fr\/","logo":{"@type":"ImageObject","inLanguage":"fr-FR","@id":"https:\/\/somumsessions.fr\/#\/schema\/logo\/image\/","url":"https:\/\/somumsessions.fr\/wp-content\/uploads\/2025\/04\/Logo-SoMum-Sessions-6.png","contentUrl":"https:\/\/somumsessions.fr\/wp-content\/uploads\/2025\/04\/Logo-SoMum-Sessions-6.png","width":500,"height":500,"caption":"Somum Sessions"},"image":{"@id":"https:\/\/somumsessions.fr\/#\/schema\/logo\/image\/"}}]}},"_links":{"self":[{"href":"https:\/\/somumsessions.fr\/index.php?rest_route=\/wp\/v2\/pages\/34","targetHints":{"allow":["GET"]}}],"collection":[{"href":"https:\/\/somumsessions.fr\/index.php?rest_route=\/wp\/v2\/pages"}],"about":[{"href":"https:\/\/somumsessions.fr\/index.php?rest_route=\/wp\/v2\/types\/page"}],"author":[{"embeddable":true,"href":"https:\/\/somumsessions.fr\/index.php?rest_route=\/wp\/v2\/users\/1"}],"replies":[{"embeddable":true,"href":"https:\/\/somumsessions.fr\/index.php?rest_route=%2Fwp%2Fv2%2Fcomments&post=34"}],"version-history":[{"count":16,"href":"https:\/\/somumsessions.fr\/index.php?rest_route=\/wp\/v2\/pages\/34\/revisions"}],"predecessor-version":[{"id":412,"href":"https:\/\/somumsessions.fr\/index.php?rest_route=\/wp\/v2\/pages\/34\/revisions\/412"}],"wp:attachment":[{"href":"https:\/\/somumsessions.fr\/index.php?rest_route=%2Fwp%2Fv2%2Fmedia&parent=34"}],"curies":[{"name":"wp","href":"https:\/\/api.w.org\/{rel}","templated":true}]}}